{"id":311,"date":"2019-11-22T19:54:46","date_gmt":"2019-11-22T19:54:46","guid":{"rendered":"https:\/\/altascumbres.es\/?post_type=product&#038;p=311"},"modified":"2026-04-05T14:22:48","modified_gmt":"2026-04-05T14:22:48","slug":"puente-del-6-al-9-de-diciembre-2019-en-nantes","status":"publish","type":"product","link":"https:\/\/altascumbres.es\/index.php\/product\/puente-del-6-al-9-de-diciembre-2019-en-nantes\/","title":{"rendered":"Nantes"},"content":{"rendered":"<p><strong>Nantes<\/strong><\/p>\n<p style=\"text-align: left;\">El\u00a0Loira\u00a0es probablemente el r\u00edo m\u00e1s afortunado del mundo. A su paso por\u00a0<strong>Nantes<\/strong>, el paisaje se convierte en espect\u00e1culo con elefantes del tama\u00f1o de edificios dignos de la imaginaci\u00f3n de su ciudadano m\u00e1s ilustre,\u00a0Julio Verne, y palacetes que literalmente se inclinan ante su curso. La capital de la\u00a0Breta\u00f1a\u00a0hist\u00f3rica, enclave de mirada atl\u00e1ntica e industrial, ha logrado completar una reconversi\u00f3n ejemplar hacia un modelo verde, cultural e imaginativo.<\/p>\n<p>&nbsp;<\/p>\n","protected":false},"excerpt":{"rendered":"<p><strong>Incluido<\/strong><\/p>\n<ul>\n<li>Pasaje a\u00e9reo<\/li>\n<li>Alojamiento en habitaci\u00f3n privada con ba\u00f1o<\/li>\n<\/ul>\n<p><strong>\u00a0Excluido<\/strong><\/p>\n<ul>\n<li>Servicios no indicados en programa.<\/li>\n<\/ul>\n","protected":false},"featured_media":318,"template":"","meta":[],"class_list":["post-311","product","type-product","status-publish","has-post-thumbnail","hentry","product_cat-escapadas"],"_links":{"self":[{"href":"https:\/\/altascumbres.es\/index.php\/wp-json\/wp\/v2\/product\/311","targetHints":{"allow":["GET"]}}],"collection":[{"href":"https:\/\/altascumbres.es\/index.php\/wp-json\/wp\/v2\/product"}],"about":[{"href":"https:\/\/altascumbres.es\/index.php\/wp-json\/wp\/v2\/types\/product"}],"wp:featuredmedia":[{"embeddable":true,"href":"https:\/\/altascumbres.es\/index.php\/wp-json\/wp\/v2\/media\/318"}],"wp:attachment":[{"href":"https:\/\/altascumbres.es\/index.php\/wp-json\/wp\/v2\/media?parent=311"}],"curies":[{"name":"wp","href":"https:\/\/api.w.org\/{rel}","templated":true}]}}